{"id":391161,"date":"2025-03-03T10:51:13","date_gmt":"2025-03-03T09:51:13","guid":{"rendered":"https:\/\/www.mr-expo.be\/masterclass-acta\/"},"modified":"2025-03-03T10:51:14","modified_gmt":"2025-03-03T09:51:14","slug":"masterclass-acta","status":"publish","type":"page","link":"https:\/\/www.mr-expo.be\/fr\/masterclass-acta\/","title":{"rendered":"Masterclass Acta"},"content":{"rendered":"\t\t<div data-elementor-type=\"wp-page\" data-elementor-id=\"391161\" class=\"elementor elementor-391161 elementor-391121\" data-elementor-post-type=\"page\">\n\t\t\t\t<div class=\"elementor-element elementor-element-dc7c013 e-flex e-con-boxed e-con e-parent\" data-id=\"dc7c013\" data-element_type=\"container\">\n\t\t\t\t\t<div class=\"e-con-inner\">\n\t\t\t\t<div class=\"elementor-element elementor-element-a70e801 elementor-widget elementor-widget-heading\" data-id=\"a70e801\" data-element_type=\"widget\" data-widget_type=\"heading.default\">\n\t\t\t\t<div class=\"elementor-widget-container\">\n\t\t\t\t\t<h2 class=\"elementor-heading-title elementor-size-default\">La s\u00e9curit\u00e9 fonctionnelle au-del\u00e0 des chiffres : l'essence de la norme IEC 61511 et une gestion efficace de la s\u00e9curit\u00e9<\/h2>\t\t\t\t<\/div>\n\t\t\t\t<\/div>\n\t\t\t\t\t<\/div>\n\t\t\t\t<\/div>\n\t\t<div class=\"elementor-element elementor-element-fb89f87 e-flex e-con-boxed e-con e-parent\" data-id=\"fb89f87\" data-element_type=\"container\">\n\t\t\t\t\t<div class=\"e-con-inner\">\n\t\t<div class=\"elementor-element elementor-element-52a9b22 e-con-full e-flex e-con e-child\" data-id=\"52a9b22\" data-element_type=\"container\">\n\t\t\t\t<div class=\"elementor-element elementor-element-7cbe819 elementor-widget elementor-widget-image\" data-id=\"7cbe819\" data-element_type=\"widget\" data-widget_type=\"image.default\">\n\t\t\t\t<div class=\"elementor-widget-container\">\n\t\t\t\t\t\t\t\t\t\t\t\t\t\t\t<img decoding=\"async\" width=\"220\" height=\"55\" src=\"https:\/\/easyfairsassets.com\/sites\/256\/2025\/03\/Afbeelding1.png\" class=\"attachment-large size-large wp-image-391130\" alt=\"\" \/>\t\t\t\t\t\t\t\t\t\t\t\t\t\t\t<\/div>\n\t\t\t\t<\/div>\n\t\t\t\t<\/div>\n\t\t<div class=\"elementor-element elementor-element-f4ddc8b e-con-full e-flex e-con e-child\" data-id=\"f4ddc8b\" data-element_type=\"container\">\n\t\t\t\t<div class=\"elementor-element elementor-element-1941b28 elementor-widget elementor-widget-image\" data-id=\"1941b28\" data-element_type=\"widget\" data-widget_type=\"image.default\">\n\t\t\t\t<div class=\"elementor-widget-container\">\n\t\t\t\t\t\t\t\t\t\t\t\t\t\t\t<img fetchpriority=\"high\" decoding=\"async\" width=\"600\" height=\"600\" src=\"https:\/\/easyfairsassets.com\/sites\/256\/2025\/03\/Analytical-instruments.png\" class=\"attachment-large size-large wp-image-391136\" alt=\"\" srcset=\"https:\/\/easyfairsassets.com\/sites\/256\/2025\/03\/Analytical-instruments.png 600w, https:\/\/easyfairsassets.com\/sites\/256\/2025\/03\/Analytical-instruments-300x300.png 300w, https:\/\/easyfairsassets.com\/sites\/256\/2025\/03\/Analytical-instruments-150x150.png 150w\" sizes=\"(max-width: 600px) 100vw, 600px\" \/>\t\t\t\t\t\t\t\t\t\t\t\t\t\t\t<\/div>\n\t\t\t\t<\/div>\n\t\t\t\t<\/div>\n\t\t<div class=\"elementor-element elementor-element-9d0cc27 e-con-full e-flex e-con e-child\" data-id=\"9d0cc27\" data-element_type=\"container\">\n\t\t\t\t<div class=\"elementor-element elementor-element-7e9b4ef elementor-widget elementor-widget-heading\" data-id=\"7e9b4ef\" data-element_type=\"widget\" data-widget_type=\"heading.default\">\n\t\t\t\t<div class=\"elementor-widget-container\">\n\t\t\t\t\t<h2 class=\"elementor-heading-title elementor-size-default\">Atelier de ma\u00eetre - MERCREDI 26 mars 2025 - 13:30 - 15:00<\/h2>\t\t\t\t<\/div>\n\t\t\t\t<\/div>\n\t\t\t\t<\/div>\n\t\t\t\t\t<\/div>\n\t\t\t\t<\/div>\n\t\t<div class=\"elementor-element elementor-element-aad8fe5 e-flex e-con-boxed e-con e-parent\" data-id=\"aad8fe5\" data-element_type=\"container\">\n\t\t\t\t\t<div class=\"e-con-inner\">\n\t\t\t\t<div class=\"elementor-element elementor-element-9266025 elementor-widget elementor-widget-text-editor\" data-id=\"9266025\" data-element_type=\"widget\" data-widget_type=\"text-editor.default\">\n\t\t\t\t<div class=\"elementor-widget-container\">\n\t\t\t\t\t\t\t\t\t<p>La s\u00e9curit\u00e9 fonctionnelle est souvent r\u00e9duite \u00e0 des discussions sur les niveaux SIL, les calculs de probabilit\u00e9 de d\u00e9faillance (PFD) et l&rsquo;analyse quantitative. Bien que ces \u00e9l\u00e9ments soient importants, ils ne repr\u00e9sentent qu&rsquo;une petite partie de ce que la s\u00e9curit\u00e9 fonctionnelle implique r\u00e9ellement. L&rsquo;essentiel ne r\u00e9side pas dans les chiffres, mais dans la gestion structur\u00e9e et efficace de la s\u00e9curit\u00e9 tout au long du cycle de vie des syst\u00e8mes et des processus.<\/p>\n<p>Cette master class s&rsquo;adresse aux professionnels des industries de transformation, p\u00e9troli\u00e8res, gazi\u00e8res et chimiques qui souhaitent approfondir leur compr\u00e9hension de la norme <strong>IEC 61511<\/strong> et des principes de gestion de la s\u00e9curit\u00e9 fonctionnelle. Les participants d\u00e9couvriront pourquoi le fait de se concentrer uniquement sur les objectifs SIL et les calculs PFD peut conduire \u00e0 une fausse s\u00e9curit\u00e9, en perdant de vue l&rsquo;objectif plus large et essentiel de la s\u00e9curit\u00e9 par le biais d&rsquo;une gestion robuste du cycle de vie.<\/p>\n<p>\u00c0 l&rsquo;aide d&rsquo;exemples concrets, de r\u00e9flexions et de discussions interactives, les sujets suivants seront abord\u00e9s :<\/p>\n\t\t\t\t\t\t\t\t<\/div>\n\t\t\t\t<\/div>\n\t\t\t\t\t<\/div>\n\t\t\t\t<\/div>\n\t\t<div class=\"elementor-element elementor-element-8eaa35b e-flex e-con-boxed e-con e-parent\" data-id=\"8eaa35b\" data-element_type=\"container\">\n\t\t\t\t\t<div class=\"e-con-inner\">\n\t\t\t\t<div class=\"elementor-element elementor-element-93ede8a elementor-widget elementor-widget-text-editor\" data-id=\"93ede8a\" data-element_type=\"widget\" data-widget_type=\"text-editor.default\">\n\t\t\t\t<div class=\"elementor-widget-container\">\n\t\t\t\t\t\t\t\t\t<ul>\n<li>Les mythes et les limites des approches quantitatives de la s\u00e9curit\u00e9 fonctionnelle<\/li>\n<li>L&rsquo;importance critique de<strong> la gestion de la s\u00e9curit\u00e9 fonctionnelle<\/strong> telle qu&rsquo;elle est d\u00e9crite dans la norme <strong>IEC 61511.<\/strong><\/li>\n<li>Les pi\u00e8ges courants dans les calculs de PFD et la mani\u00e8re de les r\u00e9soudre efficacement.<\/li>\n<li>Les strat\u00e9gies visant \u00e0 int\u00e9grer la culture de la s\u00e9curit\u00e9, le leadership et l&rsquo;engagement organisationnel dans les pratiques de s\u00e9curit\u00e9 fonctionnelle.<\/li>\n<\/ul>\n\t\t\t\t\t\t\t\t<\/div>\n\t\t\t\t<\/div>\n\t\t\t\t\t<\/div>\n\t\t\t\t<\/div>\n\t\t<div class=\"elementor-element elementor-element-a1967e3 e-flex e-con-boxed e-con e-parent\" data-id=\"a1967e3\" data-element_type=\"container\">\n\t\t\t\t\t<div class=\"e-con-inner\">\n\t\t\t\t<div class=\"elementor-element elementor-element-4ddc1ea elementor-widget elementor-widget-text-editor\" data-id=\"4ddc1ea\" data-element_type=\"widget\" data-widget_type=\"text-editor.default\">\n\t\t\t\t<div class=\"elementor-widget-container\">\n\t\t\t\t\t\t\t\t\t<p>Dirig\u00e9e par<strong> Tino Vande Capelle<\/strong>, un expert internationalement reconnu avec plus de 30 ans d&rsquo;exp\u00e9rience, cette masterclass remet en question les perspectives traditionnelles et fournit aux participants des id\u00e9es pratiques pour am\u00e9liorer les performances en mati\u00e8re de s\u00e9curit\u00e9 au sein de leurs organisations.<\/p>\n<p>Rejoignez-nous et d\u00e9couvrez la v\u00e9ritable essence de la s\u00e9curit\u00e9 fonctionnelle. Apprenez \u00e0 g\u00e9rer la s\u00e9curit\u00e9 comme une responsabilit\u00e9 dynamique \u00e0 l&rsquo;\u00e9chelle de l&rsquo;organisation qui garantit la conformit\u00e9, prot\u00e8ge les vies et soutient l&rsquo;excellence op\u00e9rationnelle. Cette session est un must pour les ing\u00e9nieurs en s\u00e9curit\u00e9, les managers et les d\u00e9cideurs pr\u00eats \u00e0 red\u00e9finir leur approche de la s\u00e9curit\u00e9 fonctionnelle.<\/p>\n\t\t\t\t\t\t\t\t<\/div>\n\t\t\t\t<\/div>\n\t\t\t\t\t<\/div>\n\t\t\t\t<\/div>\n\t\t<div class=\"elementor-element elementor-element-a98aefc e-flex e-con-boxed e-con e-parent\" data-id=\"a98aefc\" data-element_type=\"container\">\n\t\t\t\t\t<div class=\"e-con-inner\">\n\t\t\t\t<div class=\"elementor-element elementor-element-ecc3198 elementor-align-center elementor-widget elementor-widget-button\" data-id=\"ecc3198\" data-element_type=\"widget\" data-widget_type=\"button.default\">\n\t\t\t\t<div class=\"elementor-widget-container\">\n\t\t\t\t\t\t\t\t\t<div class=\"elementor-button-wrapper\">\n\t\t\t\t\t<a class=\"elementor-button elementor-button-link elementor-size-sm\" href=\"https:\/\/register.visitcloud.com\/survey\/22v8m6mjp0fa5\">\n\t\t\t\t\t\t<span class=\"elementor-button-content-wrapper\">\n\t\t\t\t\t\t\t\t\t<span class=\"elementor-button-text\">Enregistrez maintenant<\/span>\n\t\t\t\t\t<\/span>\n\t\t\t\t\t<\/a>\n\t\t\t\t<\/div>\n\t\t\t\t\t\t\t\t<\/div>\n\t\t\t\t<\/div>\n\t\t\t\t\t<\/div>\n\t\t\t\t<\/div>\n\t\t\t\t<\/div>\n\t\t","protected":false},"excerpt":{"rendered":"<p>La s\u00e9curit\u00e9 fonctionnelle au-del\u00e0 des chiffres : l&rsquo;essence de la norme IEC 61511 et une gestion efficace de la s\u00e9curit\u00e9 Atelier de ma\u00eetre &#8211; MERCREDI 26 mars 2025 &#8211; 13:30 &#8211; 15:00 La s\u00e9curit\u00e9 fonctionnelle est souvent r\u00e9duite \u00e0 des discussions sur les niveaux SIL, les calculs de probabilit\u00e9 de d\u00e9faillance (PFD) et l&rsquo;analyse quantitative. [&hellip;]<\/p>\n","protected":false},"author":1351,"featured_media":0,"parent":0,"menu_order":0,"comment_status":"closed","ping_status":"closed","template":"","meta":{"_seopress_robots_primary_cat":"","_seopress_titles_title":"Masterclass - Acta -M+R 2025","_seopress_titles_desc":"L'essence de la norme IEC 61511 et la gestion efficace de la s\u00e9curit\u00e9","_seopress_robots_index":"","footnotes":""},"class_list":["post-391161","page","type-page","status-publish","hentry"],"_links":{"self":[{"href":"https:\/\/www.mr-expo.be\/fr\/wp-json\/wp\/v2\/pages\/391161","targetHints":{"allow":["GET"]}}],"collection":[{"href":"https:\/\/www.mr-expo.be\/fr\/wp-json\/wp\/v2\/pages"}],"about":[{"href":"https:\/\/www.mr-expo.be\/fr\/wp-json\/wp\/v2\/types\/page"}],"author":[{"embeddable":true,"href":"https:\/\/www.mr-expo.be\/fr\/wp-json\/wp\/v2\/users\/1351"}],"replies":[{"embeddable":true,"href":"https:\/\/www.mr-expo.be\/fr\/wp-json\/wp\/v2\/comments?post=391161"}],"version-history":[{"count":1,"href":"https:\/\/www.mr-expo.be\/fr\/wp-json\/wp\/v2\/pages\/391161\/revisions"}],"predecessor-version":[{"id":391162,"href":"https:\/\/www.mr-expo.be\/fr\/wp-json\/wp\/v2\/pages\/391161\/revisions\/391162"}],"wp:attachment":[{"href":"https:\/\/www.mr-expo.be\/fr\/wp-json\/wp\/v2\/media?parent=391161"}],"curies":[{"name":"wp","href":"https:\/\/api.w.org\/{rel}","templated":true}]}}