{"id":388435,"date":"2025-02-18T15:08:20","date_gmt":"2025-02-18T14:08:20","guid":{"rendered":"https:\/\/www.mr-expo.be\/masterclass-apl-basf\/"},"modified":"2025-02-18T15:08:25","modified_gmt":"2025-02-18T14:08:25","slug":"masterclass-apl-basf","status":"publish","type":"page","link":"https:\/\/www.mr-expo.be\/fr\/masterclass-apl-basf\/","title":{"rendered":"MasterClass APL BASF"},"content":{"rendered":"\t\t<div data-elementor-type=\"wp-page\" data-elementor-id=\"388435\" class=\"elementor elementor-388435 elementor-386976\" data-elementor-post-type=\"page\">\n\t\t\t\t<div class=\"elementor-element elementor-element-3a48b2f e-flex e-con-boxed e-con e-parent\" data-id=\"3a48b2f\" data-element_type=\"container\">\n\t\t\t\t\t<div class=\"e-con-inner\">\n\t\t\t\t<div class=\"elementor-element elementor-element-570b8f7 elementor-widget elementor-widget-heading\" data-id=\"570b8f7\" data-element_type=\"widget\" data-widget_type=\"heading.default\">\n\t\t\t\t<div class=\"elementor-widget-container\">\n\t\t\t\t\t<h2 class=\"elementor-heading-title elementor-size-default\">Masterclass abstraite APL<\/h2>\t\t\t\t<\/div>\n\t\t\t\t<\/div>\n\t\t<div class=\"elementor-element elementor-element-2be17e8 e-flex e-con-boxed e-con e-child\" data-id=\"2be17e8\" data-element_type=\"container\">\n\t\t\t\t\t<div class=\"e-con-inner\">\n\t\t<div class=\"elementor-element elementor-element-b10d719 e-con-full e-flex e-con e-child\" data-id=\"b10d719\" data-element_type=\"container\">\n\t\t\t\t<div class=\"elementor-element elementor-element-ebb934e elementor-widget elementor-widget-heading\" data-id=\"ebb934e\" data-element_type=\"widget\" data-widget_type=\"heading.default\">\n\t\t\t\t<div class=\"elementor-widget-container\">\n\t\t\t\t\t<h2 class=\"elementor-heading-title elementor-size-default\">Jeudi 27 mars de 09h30 \u00e0 11h00<\/h2>\t\t\t\t<\/div>\n\t\t\t\t<\/div>\n\t\t\t\t<div class=\"elementor-element elementor-element-e36eb4f elementor-widget__width-initial elementor-widget elementor-widget-image\" data-id=\"e36eb4f\" data-element_type=\"widget\" data-widget_type=\"image.default\">\n\t\t\t\t<div class=\"elementor-widget-container\">\n\t\t\t\t\t\t\t\t\t\t\t\t\t\t\t<img fetchpriority=\"high\" decoding=\"async\" width=\"800\" height=\"400\" src=\"https:\/\/easyfairsassets.com\/sites\/256\/2025\/02\/BASFo_wh100lb_4c-1024x512.jpg\" class=\"attachment-large size-large wp-image-386990\" alt=\"\" srcset=\"https:\/\/easyfairsassets.com\/sites\/256\/2025\/02\/BASFo_wh100lb_4c-1024x512.jpg 1024w, https:\/\/easyfairsassets.com\/sites\/256\/2025\/02\/BASFo_wh100lb_4c-300x150.jpg 300w, https:\/\/easyfairsassets.com\/sites\/256\/2025\/02\/BASFo_wh100lb_4c-768x384.jpg 768w, https:\/\/easyfairsassets.com\/sites\/256\/2025\/02\/BASFo_wh100lb_4c.jpg 1181w\" sizes=\"(max-width: 800px) 100vw, 800px\" \/>\t\t\t\t\t\t\t\t\t\t\t\t\t\t\t<\/div>\n\t\t\t\t<\/div>\n\t\t\t\t<\/div>\n\t\t<div class=\"elementor-element elementor-element-7537405 e-con-full e-flex e-con e-child\" data-id=\"7537405\" data-element_type=\"container\">\n\t\t\t\t<div class=\"elementor-element elementor-element-99b915b elementor-widget elementor-widget-heading\" data-id=\"99b915b\" data-element_type=\"widget\" data-widget_type=\"heading.default\">\n\t\t\t\t<div class=\"elementor-widget-container\">\n\t\t\t\t\t<h2 class=\"elementor-heading-title elementor-size-default\">Intervenant<\/h2>\t\t\t\t<\/div>\n\t\t\t\t<\/div>\n\t\t\t\t<div class=\"elementor-element elementor-element-b4a1624 elementor-widget elementor-widget-image\" data-id=\"b4a1624\" data-element_type=\"widget\" data-widget_type=\"image.default\">\n\t\t\t\t<div class=\"elementor-widget-container\">\n\t\t\t\t\t\t\t\t\t\t\t\t\t\t\t<img decoding=\"async\" width=\"683\" height=\"1024\" src=\"https:\/\/easyfairsassets.com\/sites\/256\/2025\/02\/S21_0002_Niedermayer-683x1024.jpg\" class=\"attachment-large size-large wp-image-386993\" alt=\"\" srcset=\"https:\/\/easyfairsassets.com\/sites\/256\/2025\/02\/S21_0002_Niedermayer-683x1024.jpg 683w, https:\/\/easyfairsassets.com\/sites\/256\/2025\/02\/S21_0002_Niedermayer-200x300.jpg 200w, https:\/\/easyfairsassets.com\/sites\/256\/2025\/02\/S21_0002_Niedermayer-768x1152.jpg 768w, https:\/\/easyfairsassets.com\/sites\/256\/2025\/02\/S21_0002_Niedermayer-1024x1536.jpg 1024w, https:\/\/easyfairsassets.com\/sites\/256\/2025\/02\/S21_0002_Niedermayer.jpg 1280w\" sizes=\"(max-width: 683px) 100vw, 683px\" \/>\t\t\t\t\t\t\t\t\t\t\t\t\t\t\t<\/div>\n\t\t\t\t<\/div>\n\t\t\t\t<\/div>\n\t\t<div class=\"elementor-element elementor-element-21ac9ee e-con-full e-flex e-con e-child\" data-id=\"21ac9ee\" data-element_type=\"container\">\n\t\t\t\t<div class=\"elementor-element elementor-element-ae62527 elementor-widget elementor-widget-text-editor\" data-id=\"ae62527\" data-element_type=\"widget\" data-widget_type=\"text-editor.default\">\n\t\t\t\t<div class=\"elementor-widget-container\">\n\t\t\t\t\t\t\t\t\t<p>Dans l&rsquo;industrie d&rsquo;aujourd&rsquo;hui, la technologie joue un r\u00f4le crucial dans l&rsquo;assurance de l&rsquo;efficacit\u00e9, de la s\u00e9curit\u00e9 et de la durabilit\u00e9. L&rsquo;une des derni\u00e8res et des plus r\u00e9volutionnaires technologies dans ce domaine est Ethernet-APL. Dans ce document, nous mettrons en \u00e9vidence les principaux aspects de cette technologie et de ses produits, discuterons de son introduction et du chemin vers une mise en \u0153uvre r\u00e9ussie.<\/p>\n\t\t\t\t\t\t\t\t<\/div>\n\t\t\t\t<\/div>\n\t\t\t\t<\/div>\n\t\t\t\t\t<\/div>\n\t\t\t\t<\/div>\n\t\t\t\t\t<\/div>\n\t\t\t\t<\/div>\n\t\t<div class=\"elementor-element elementor-element-18c76c4 e-flex e-con-boxed e-con e-parent\" data-id=\"18c76c4\" data-element_type=\"container\">\n\t\t\t\t\t<div class=\"e-con-inner\">\n\t\t\t\t<div class=\"elementor-element elementor-element-c5e2087 elementor-widget elementor-widget-text-editor\" data-id=\"c5e2087\" data-element_type=\"widget\" data-widget_type=\"text-editor.default\">\n\t\t\t\t<div class=\"elementor-widget-container\">\n\t\t\t\t\t\t\t\t\t<ul>\n<li><strong>Introduction:<\/strong> Ethernet-APL est une technologie r\u00e9volutionnaire dans l&rsquo;industrie, jouant un r\u00f4le crucial dans l&rsquo;assurance de l&rsquo;efficacit\u00e9, de la s\u00e9curit\u00e9 et de la durabilit\u00e9.<\/li>\n<li><strong>Disponibilit\u00e9 et Qualification:<\/strong> La technologie Ethernet-APL est disponible et a \u00e9t\u00e9 avec succ\u00e8s qualifi\u00e9e pour des applications industrielles. Les commutateurs de champ APL sont largement utilis\u00e9s et qualifi\u00e9s, bien qu&rsquo;ils ne soient pas encore disponibles chez tous les fabricants.<\/li>\n<li><strong>Introduction durable par BASF:<\/strong> BASF s&rsquo;engage \u00e0 une introduction durable de la technologie Ethernet-APL, en fournissant les ressources n\u00e9cessaires et en participant activement \u00e0 son d\u00e9veloppement et \u00e0 sa promotion.<\/li>\n<li><strong>R\u00f4le de leader dans la NAMUR APL Task Force:<\/strong> BASF dirige la NAMUR APL Task Force pour acc\u00e9l\u00e9rer la mise en \u0153uvre de la technologie Ethernet-APL, en veillant \u00e0 ce qu&rsquo;elle r\u00e9ponde aux normes les plus \u00e9lev\u00e9es gr\u00e2ce \u00e0 des consultations r\u00e9guli\u00e8res et des visites au laboratoire APL de Ludwigshafen.<\/li>\n<li><strong>Pr\u00e9paration et application pratique:<\/strong> Ethernet-APL a prouv\u00e9 sa fonctionnalit\u00e9 gr\u00e2ce \u00e0 une mise en \u0153uvre r\u00e9ussie dans diverses applications industrielles, d\u00e9montrant sa fiabilit\u00e9 et son efficacit\u00e9. Elle offre des avantages pratiques tels qu&rsquo;une infrastructure de communication am\u00e9lior\u00e9e, des d\u00e9bits de donn\u00e9es accrus et une int\u00e9gration simplifi\u00e9e dans les syst\u00e8mes existants.<\/li>\n<li><strong>Conclusion:<\/strong> Ethernet-APL repr\u00e9sente un progr\u00e8s significatif dans la technologie de communication industrielle. L&rsquo;adoption soutenue et la promotion active par des entreprises comme BASF garantiront son d\u00e9ploiement r\u00e9ussi et son impact positif \u00e0 long terme sur l&rsquo;industrie.<\/li>\n<\/ul>\n\t\t\t\t\t\t\t\t<\/div>\n\t\t\t\t<\/div>\n\t\t\t\t\t<\/div>\n\t\t\t\t<\/div>\n\t\t\t\t<\/div>\n\t\t","protected":false},"excerpt":{"rendered":"<p>Masterclass abstraite APL Jeudi 27 mars de 09h30 \u00e0 11h00 Intervenant Dans l&rsquo;industrie d&rsquo;aujourd&rsquo;hui, la technologie joue un r\u00f4le crucial dans l&rsquo;assurance de l&rsquo;efficacit\u00e9, de la s\u00e9curit\u00e9 et de la durabilit\u00e9. L&rsquo;une des derni\u00e8res et des plus r\u00e9volutionnaires technologies dans ce domaine est Ethernet-APL. Dans ce document, nous mettrons en \u00e9vidence les principaux aspects de [&hellip;]<\/p>\n","protected":false},"author":1351,"featured_media":0,"parent":0,"menu_order":0,"comment_status":"closed","ping_status":"closed","template":"","meta":{"_seopress_robots_primary_cat":"","_seopress_titles_title":"","_seopress_titles_desc":"","_seopress_robots_index":"","footnotes":""},"class_list":["post-388435","page","type-page","status-publish","hentry"],"_links":{"self":[{"href":"https:\/\/www.mr-expo.be\/fr\/wp-json\/wp\/v2\/pages\/388435","targetHints":{"allow":["GET"]}}],"collection":[{"href":"https:\/\/www.mr-expo.be\/fr\/wp-json\/wp\/v2\/pages"}],"about":[{"href":"https:\/\/www.mr-expo.be\/fr\/wp-json\/wp\/v2\/types\/page"}],"author":[{"embeddable":true,"href":"https:\/\/www.mr-expo.be\/fr\/wp-json\/wp\/v2\/users\/1351"}],"replies":[{"embeddable":true,"href":"https:\/\/www.mr-expo.be\/fr\/wp-json\/wp\/v2\/comments?post=388435"}],"version-history":[{"count":3,"href":"https:\/\/www.mr-expo.be\/fr\/wp-json\/wp\/v2\/pages\/388435\/revisions"}],"predecessor-version":[{"id":388438,"href":"https:\/\/www.mr-expo.be\/fr\/wp-json\/wp\/v2\/pages\/388435\/revisions\/388438"}],"wp:attachment":[{"href":"https:\/\/www.mr-expo.be\/fr\/wp-json\/wp\/v2\/media?parent=388435"}],"curies":[{"name":"wp","href":"https:\/\/api.w.org\/{rel}","templated":true}]}}