{"id":388380,"date":"2025-02-18T14:46:56","date_gmt":"2025-02-18T13:46:56","guid":{"rendered":"https:\/\/www.mr-expo.be\/sick-and-endress\/"},"modified":"2025-02-18T14:48:26","modified_gmt":"2025-02-18T13:48:26","slug":"sick-and-endress","status":"publish","type":"page","link":"https:\/\/www.mr-expo.be\/fr\/sick-and-endress\/","title":{"rendered":"SICK and Endress"},"content":{"rendered":"\t\t<div data-elementor-type=\"wp-page\" data-elementor-id=\"388380\" class=\"elementor elementor-388380 elementor-386949\" data-elementor-post-type=\"page\">\n\t\t\t\t<div class=\"elementor-element elementor-element-c70d4ce e-flex e-con-boxed e-con e-parent\" data-id=\"c70d4ce\" data-element_type=\"container\">\n\t\t\t\t\t<div class=\"e-con-inner\">\n\t\t\t\t<div class=\"elementor-element elementor-element-1397b7e elementor-widget elementor-widget-heading\" data-id=\"1397b7e\" data-element_type=\"widget\" data-widget_type=\"heading.default\">\n\t\t\t\t<div class=\"elementor-widget-container\">\n\t\t\t\t\t<h2 class=\"elementor-heading-title elementor-size-default\">SICK et Endress+Hauser unissent leurs forces dans les solutions de mesure de d\u00e9bit pour la transition \u00e9nerg\u00e9tique.<\/h2>\t\t\t\t<\/div>\n\t\t\t\t<\/div>\n\t\t<div class=\"elementor-element elementor-element-59a7c11 e-flex e-con-boxed e-con e-child\" data-id=\"59a7c11\" data-element_type=\"container\">\n\t\t\t\t\t<div class=\"e-con-inner\">\n\t\t<div class=\"elementor-element elementor-element-98ed57a e-con-full e-flex e-con e-child\" data-id=\"98ed57a\" data-element_type=\"container\">\n\t\t\t\t<div class=\"elementor-element elementor-element-329207e elementor-widget elementor-widget-heading\" data-id=\"329207e\" data-element_type=\"widget\" data-widget_type=\"heading.default\">\n\t\t\t\t<div class=\"elementor-widget-container\">\n\t\t\t\t\t<h2 class=\"elementor-heading-title elementor-size-default\">Jeudi 27 mars - 13h30 \u2013 14h15<\/h2>\t\t\t\t<\/div>\n\t\t\t\t<\/div>\n\t\t\t\t<div class=\"elementor-element elementor-element-fc82008 elementor-widget elementor-widget-image\" data-id=\"fc82008\" data-element_type=\"widget\" data-widget_type=\"image.default\">\n\t\t\t\t<div class=\"elementor-widget-container\">\n\t\t\t\t\t\t\t\t\t\t\t\t\t\t\t<img fetchpriority=\"high\" decoding=\"async\" width=\"800\" height=\"456\" src=\"https:\/\/easyfairsassets.com\/sites\/256\/2025\/02\/Schermafbeelding-2025-02-17-100902-1024x584.png\" class=\"attachment-large size-large wp-image-386958\" alt=\"\" srcset=\"https:\/\/easyfairsassets.com\/sites\/256\/2025\/02\/Schermafbeelding-2025-02-17-100902-1024x584.png 1024w, https:\/\/easyfairsassets.com\/sites\/256\/2025\/02\/Schermafbeelding-2025-02-17-100902-300x171.png 300w, https:\/\/easyfairsassets.com\/sites\/256\/2025\/02\/Schermafbeelding-2025-02-17-100902-768x438.png 768w, https:\/\/easyfairsassets.com\/sites\/256\/2025\/02\/Schermafbeelding-2025-02-17-100902.png 1388w\" sizes=\"(max-width: 800px) 100vw, 800px\" \/>\t\t\t\t\t\t\t\t\t\t\t\t\t\t\t<\/div>\n\t\t\t\t<\/div>\n\t\t\t\t<div class=\"elementor-element elementor-element-c95c220 elementor-widget__width-initial elementor-widget elementor-widget-image\" data-id=\"c95c220\" data-element_type=\"widget\" data-widget_type=\"image.default\">\n\t\t\t\t<div class=\"elementor-widget-container\">\n\t\t\t\t\t\t\t\t\t\t\t\t\t\t\t<img decoding=\"async\" width=\"656\" height=\"268\" src=\"https:\/\/easyfairsassets.com\/sites\/256\/2025\/02\/Afbeelding1.png\" class=\"attachment-large size-large wp-image-386961\" alt=\"\" srcset=\"https:\/\/easyfairsassets.com\/sites\/256\/2025\/02\/Afbeelding1.png 656w, https:\/\/easyfairsassets.com\/sites\/256\/2025\/02\/Afbeelding1-300x123.png 300w\" sizes=\"(max-width: 656px) 100vw, 656px\" \/>\t\t\t\t\t\t\t\t\t\t\t\t\t\t\t<\/div>\n\t\t\t\t<\/div>\n\t\t\t\t<\/div>\n\t\t<div class=\"elementor-element elementor-element-89c92c4 e-con-full e-flex e-con e-child\" data-id=\"89c92c4\" data-element_type=\"container\">\n\t\t\t\t<div class=\"elementor-element elementor-element-445724d elementor-widget elementor-widget-heading\" data-id=\"445724d\" data-element_type=\"widget\" data-widget_type=\"heading.default\">\n\t\t\t\t<div class=\"elementor-widget-container\">\n\t\t\t\t\t<h2 class=\"elementor-heading-title elementor-size-default\">Jean-Jacques Renaux<\/h2>\t\t\t\t<\/div>\n\t\t\t\t<\/div>\n\t\t\t\t<div class=\"elementor-element elementor-element-a3dcd83 elementor-widget__width-initial elementor-widget elementor-widget-image\" data-id=\"a3dcd83\" data-element_type=\"widget\" data-widget_type=\"image.default\">\n\t\t\t\t<div class=\"elementor-widget-container\">\n\t\t\t\t\t\t\t\t\t\t\t\t\t\t\t<img decoding=\"async\" width=\"800\" height=\"960\" src=\"https:\/\/easyfairsassets.com\/sites\/256\/2025\/02\/Jean-Jacques-Renaux_EndressHauser-853x1024.jpg\" class=\"attachment-large size-large wp-image-387204\" alt=\"\" srcset=\"https:\/\/easyfairsassets.com\/sites\/256\/2025\/02\/Jean-Jacques-Renaux_EndressHauser-853x1024.jpg 853w, https:\/\/easyfairsassets.com\/sites\/256\/2025\/02\/Jean-Jacques-Renaux_EndressHauser-250x300.jpg 250w, https:\/\/easyfairsassets.com\/sites\/256\/2025\/02\/Jean-Jacques-Renaux_EndressHauser-768x922.jpg 768w, https:\/\/easyfairsassets.com\/sites\/256\/2025\/02\/Jean-Jacques-Renaux_EndressHauser-1280x1536.jpg 1280w, https:\/\/easyfairsassets.com\/sites\/256\/2025\/02\/Jean-Jacques-Renaux_EndressHauser.jpg 1600w\" sizes=\"(max-width: 800px) 100vw, 800px\" \/>\t\t\t\t\t\t\t\t\t\t\t\t\t\t\t<\/div>\n\t\t\t\t<\/div>\n\t\t\t\t<\/div>\n\t\t<div class=\"elementor-element elementor-element-d15b9d4 e-con-full e-flex e-con e-child\" data-id=\"d15b9d4\" data-element_type=\"container\">\n\t\t\t\t<div class=\"elementor-element elementor-element-f605910 elementor-widget elementor-widget-heading\" data-id=\"f605910\" data-element_type=\"widget\" data-widget_type=\"heading.default\">\n\t\t\t\t<div class=\"elementor-widget-container\">\n\t\t\t\t\t<h2 class=\"elementor-heading-title elementor-size-default\">Dani\u00ebl Pereira<\/h2>\t\t\t\t<\/div>\n\t\t\t\t<\/div>\n\t\t\t\t<div class=\"elementor-element elementor-element-11f003a elementor-widget__width-initial elementor-widget elementor-widget-image\" data-id=\"11f003a\" data-element_type=\"widget\" data-widget_type=\"image.default\">\n\t\t\t\t<div class=\"elementor-widget-container\">\n\t\t\t\t\t\t\t\t\t\t\t\t\t\t\t<img loading=\"lazy\" decoding=\"async\" width=\"678\" height=\"1018\" src=\"https:\/\/easyfairsassets.com\/sites\/256\/2025\/02\/Schermafbeelding-2025-02-17-161157.png\" class=\"attachment-large size-large wp-image-387207\" alt=\"\" srcset=\"https:\/\/easyfairsassets.com\/sites\/256\/2025\/02\/Schermafbeelding-2025-02-17-161157.png 678w, https:\/\/easyfairsassets.com\/sites\/256\/2025\/02\/Schermafbeelding-2025-02-17-161157-200x300.png 200w\" sizes=\"(max-width: 678px) 100vw, 678px\" \/>\t\t\t\t\t\t\t\t\t\t\t\t\t\t\t<\/div>\n\t\t\t\t<\/div>\n\t\t\t\t<\/div>\n\t\t\t\t\t<\/div>\n\t\t\t\t<\/div>\n\t\t\t\t<div class=\"elementor-element elementor-element-4bb082c elementor-widget elementor-widget-text-editor\" data-id=\"4bb082c\" data-element_type=\"widget\" data-widget_type=\"text-editor.default\">\n\t\t\t\t<div class=\"elementor-widget-container\">\n\t\t\t\t\t\t\t\t\t<p data-start=\"0\" data-end=\"192\">Les technologies de mesure de d\u00e9bit par ultrasons et Coriolis seront cruciales pour la transition \u00e9nerg\u00e9tique dans la mesure de d\u00e9bit du gaz naturel, de l\u2019hydrog\u00e8ne et du dioxyde de carbone.<\/p>\n<p data-start=\"194\" data-end=\"667\" data-is-last-node=\"\">SICK et Endress+Hauser donnent vie \u00e0 leur partenariat strat\u00e9gique en automatisation des processus : la technologie avanc\u00e9e d\u2019analyse des gaz et de mesure de d\u00e9bit par ultrasons de SICK fait d\u00e9sormais partie int\u00e9grante du vaste portefeuille d\u2019instrumentation d\u2019Endress+Hauser. Cette collaboration vise \u00e0 offrir aux clients de l\u2019industrie des proc\u00e9d\u00e9s un meilleur soutien pour accro\u00eetre l\u2019efficacit\u00e9 des installations, prot\u00e9ger l\u2019environnement et r\u00e9duire l\u2019empreinte carbone.<\/p>\n\t\t\t\t\t\t\t\t<\/div>\n\t\t\t\t<\/div>\n\t\t\t\t\t<\/div>\n\t\t\t\t<\/div>\n\t\t<div class=\"elementor-element elementor-element-4cf39d0 e-flex e-con-boxed e-con e-parent\" data-id=\"4cf39d0\" data-element_type=\"container\">\n\t\t\t\t\t<div class=\"e-con-inner\">\n\t\t\t\t<div class=\"elementor-element elementor-element-f606164 elementor-align-center elementor-widget elementor-widget-button\" data-id=\"f606164\" data-element_type=\"widget\" data-widget_type=\"button.default\">\n\t\t\t\t<div class=\"elementor-widget-container\">\n\t\t\t\t\t\t\t\t\t<div class=\"elementor-button-wrapper\">\n\t\t\t\t\t<a class=\"elementor-button elementor-button-link elementor-size-sm\" href=\"https:\/\/register.visitcloud.com\/survey\/22v8m6mjp0fa5?translation=1y3e4bjlh3me0\">\n\t\t\t\t\t\t<span class=\"elementor-button-content-wrapper\">\n\t\t\t\t\t\t\t\t\t<span class=\"elementor-button-text\">Inscrivez-vous ici<\/span>\n\t\t\t\t\t<\/span>\n\t\t\t\t\t<\/a>\n\t\t\t\t<\/div>\n\t\t\t\t\t\t\t\t<\/div>\n\t\t\t\t<\/div>\n\t\t\t\t\t<\/div>\n\t\t\t\t<\/div>\n\t\t\t\t<\/div>\n\t\t","protected":false},"excerpt":{"rendered":"<p>SICK et Endress+Hauser unissent leurs forces dans les solutions de mesure de d\u00e9bit pour la transition \u00e9nerg\u00e9tique. Jeudi 27 mars &#8211; 13h30 \u2013 14h15 Jean-Jacques Renaux Dani\u00ebl Pereira Les technologies de mesure de d\u00e9bit par ultrasons et Coriolis seront cruciales pour la transition \u00e9nerg\u00e9tique dans la mesure de d\u00e9bit du gaz naturel, de l\u2019hydrog\u00e8ne et [&hellip;]<\/p>\n","protected":false},"author":1351,"featured_media":0,"parent":0,"menu_order":0,"comment_status":"closed","ping_status":"closed","template":"","meta":{"_seopress_robots_primary_cat":"","_seopress_titles_title":"","_seopress_titles_desc":"","_seopress_robots_index":"","footnotes":""},"class_list":["post-388380","page","type-page","status-publish","hentry"],"_links":{"self":[{"href":"https:\/\/www.mr-expo.be\/fr\/wp-json\/wp\/v2\/pages\/388380","targetHints":{"allow":["GET"]}}],"collection":[{"href":"https:\/\/www.mr-expo.be\/fr\/wp-json\/wp\/v2\/pages"}],"about":[{"href":"https:\/\/www.mr-expo.be\/fr\/wp-json\/wp\/v2\/types\/page"}],"author":[{"embeddable":true,"href":"https:\/\/www.mr-expo.be\/fr\/wp-json\/wp\/v2\/users\/1351"}],"replies":[{"embeddable":true,"href":"https:\/\/www.mr-expo.be\/fr\/wp-json\/wp\/v2\/comments?post=388380"}],"version-history":[{"count":5,"href":"https:\/\/www.mr-expo.be\/fr\/wp-json\/wp\/v2\/pages\/388380\/revisions"}],"predecessor-version":[{"id":388385,"href":"https:\/\/www.mr-expo.be\/fr\/wp-json\/wp\/v2\/pages\/388380\/revisions\/388385"}],"wp:attachment":[{"href":"https:\/\/www.mr-expo.be\/fr\/wp-json\/wp\/v2\/media?parent=388380"}],"curies":[{"name":"wp","href":"https:\/\/api.w.org\/{rel}","templated":true}]}}