{"id":383715,"date":"2025-01-27T21:33:50","date_gmt":"2025-01-27T20:33:50","guid":{"rendered":"https:\/\/www.mr-expo.be\/mr-programma-woe\/"},"modified":"2025-04-01T09:37:30","modified_gmt":"2025-04-01T07:37:30","slug":"mr-programma-woe","status":"publish","type":"page","link":"https:\/\/www.mr-expo.be\/fr\/mr-programma-woe\/","title":{"rendered":"Programme mercredi"},"content":{"rendered":"\t\t<div data-elementor-type=\"wp-page\" data-elementor-id=\"383715\" class=\"elementor elementor-383715 elementor-383677\" data-elementor-post-type=\"page\">\n\t\t\t\t<div class=\"elementor-element elementor-element-416bac0 e-flex e-con-boxed e-con e-parent\" data-id=\"416bac0\" data-element_type=\"container\">\n\t\t\t\t\t<div class=\"e-con-inner\">\n\t\t\t\t<div class=\"elementor-element elementor-element-b362525 elementor-widget elementor-widget-heading\" data-id=\"b362525\" data-element_type=\"widget\" data-widget_type=\"heading.default\">\n\t\t\t\t<div class=\"elementor-widget-container\">\n\t\t\t\t\t<h2 class=\"elementor-heading-title elementor-size-default\">Programme : Mercredi 26 mars <\/h2>\t\t\t\t<\/div>\n\t\t\t\t<\/div>\n\t\t\t\t\t<\/div>\n\t\t\t\t<\/div>\n\t\t<div class=\"elementor-element elementor-element-f84251c e-flex e-con-boxed e-con e-parent\" data-id=\"f84251c\" data-element_type=\"container\" data-settings=\"{&quot;background_background&quot;:&quot;classic&quot;}\">\n\t\t\t\t\t<div class=\"e-con-inner\">\n\t\t<div class=\"elementor-element elementor-element-07bea68 e-con-full e-flex e-con e-child\" data-id=\"07bea68\" data-element_type=\"container\" data-settings=\"{&quot;background_background&quot;:&quot;classic&quot;}\">\n\t\t\t\t<div class=\"elementor-element elementor-element-167cf7d elementor-widget__width-initial elementor-widget elementor-widget-text-editor\" data-id=\"167cf7d\" data-element_type=\"widget\" data-widget_type=\"text-editor.default\">\n\t\t\t\t<div class=\"elementor-widget-container\">\n\t\t\t\t\t\t\t\t\t<p>09u30 &#8211; 10u30<\/p>\n\t\t\t\t\t\t\t\t<\/div>\n\t\t\t\t<\/div>\n\t\t\t\t<\/div>\n\t\t<div class=\"elementor-element elementor-element-ba25195 e-con-full e-flex e-con e-child\" data-id=\"ba25195\" data-element_type=\"container\" data-settings=\"{&quot;background_background&quot;:&quot;classic&quot;}\">\n\t\t\t\t<div class=\"elementor-element elementor-element-6d78858 elementor-widget elementor-widget-heading\" data-id=\"6d78858\" data-element_type=\"widget\" data-widget_type=\"heading.default\">\n\t\t\t\t<div class=\"elementor-widget-container\">\n\t\t\t\t\t<h4 class=\"elementor-heading-title elementor-size-default\">ATEX dans l'automatisation des processus - ie-net \/ Pepperl+Fuchs, Yon Barbin<\/h4>\t\t\t\t<\/div>\n\t\t\t\t<\/div>\n\t\t\t\t<div class=\"elementor-element elementor-element-ca8c423 elementor-align-center elementor-widget elementor-widget-dynamic-button\" data-id=\"ca8c423\" data-element_type=\"widget\" data-widget_type=\"dynamic-button.default\">\n\t\t\t\t<div class=\"elementor-widget-container\">\n\t\t\t\t\t        <div class=\"elementor-button-wrapper\">\n            <a href=\"https:\/\/www.mr-expo.be\/atex-in-de-proces-automatisering\/\" target=\"_blank\" class=\"elementor-button-link elementor-button elementor-size-sm\" role=\"button\">\n                        <span class=\"elementor-button-content-wrapper\">\n\t\t\t                <span class=\"elementor-button-icon elementor-align-icon-right\">\n\t\t\t\t<i aria-hidden=\"true\" class=\"fas fa-arrow-right\"><\/i>\t\t\t<\/span>\n            \t\t\t<span class=\"elementor-button-text\">Plus d'information<\/span>\n\t\t<\/span>\n                    <\/a>\n        <\/div>\n        \t\t\t\t<\/div>\n\t\t\t\t<\/div>\n\t\t\t\t<\/div>\n\t\t\t\t\t<\/div>\n\t\t\t\t<\/div>\n\t\t<div class=\"elementor-element elementor-element-9de36c2 e-flex e-con-boxed e-con e-parent\" data-id=\"9de36c2\" data-element_type=\"container\">\n\t\t\t\t\t<div class=\"e-con-inner\">\n\t\t<div class=\"elementor-element elementor-element-f874e5d e-con-full e-flex e-con e-child\" data-id=\"f874e5d\" data-element_type=\"container\" data-settings=\"{&quot;background_background&quot;:&quot;classic&quot;}\">\n\t\t\t\t<div class=\"elementor-element elementor-element-c70f1d4 elementor-widget__width-initial elementor-widget elementor-widget-text-editor\" data-id=\"c70f1d4\" data-element_type=\"widget\" data-widget_type=\"text-editor.default\">\n\t\t\t\t<div class=\"elementor-widget-container\">\n\t\t\t\t\t\t\t\t\t<p>10u30 &#8211; 11u15<\/p>\n\t\t\t\t\t\t\t\t<\/div>\n\t\t\t\t<\/div>\n\t\t\t\t<\/div>\n\t\t<div class=\"elementor-element elementor-element-8cd0f96 e-con-full e-flex e-con e-child\" data-id=\"8cd0f96\" data-element_type=\"container\" data-settings=\"{&quot;background_background&quot;:&quot;classic&quot;}\">\n\t\t\t\t<div class=\"elementor-element elementor-element-e1465d5 elementor-widget elementor-widget-heading\" data-id=\"e1465d5\" data-element_type=\"widget\" data-widget_type=\"heading.default\">\n\t\t\t\t<div class=\"elementor-widget-container\">\n\t\t\t\t\t<h4 class=\"elementor-heading-title elementor-size-default\">Applicabilit\u00e9 ATEX Ex i, d et p - ie-net \/ Pepperl+Fuchs, Yon Barbin<\/h4>\t\t\t\t<\/div>\n\t\t\t\t<\/div>\n\t\t\t\t<div class=\"elementor-element elementor-element-92eeabf elementor-align-center elementor-widget elementor-widget-dynamic-button\" data-id=\"92eeabf\" data-element_type=\"widget\" data-widget_type=\"dynamic-button.default\">\n\t\t\t\t<div class=\"elementor-widget-container\">\n\t\t\t\t\t        <div class=\"elementor-button-wrapper\">\n            <a href=\"https:\/\/mr-expo-be\/atex-toepasbaarheid-ex-i-d-en-p\/\" target=\"_blank\" class=\"elementor-button-link elementor-button elementor-size-sm\" role=\"button\">\n                        <span class=\"elementor-button-content-wrapper\">\n\t\t\t                <span class=\"elementor-button-icon elementor-align-icon-right\">\n\t\t\t\t<i aria-hidden=\"true\" class=\"fas fa-arrow-right\"><\/i>\t\t\t<\/span>\n            \t\t\t<span class=\"elementor-button-text\">Plus d'information<\/span>\n\t\t<\/span>\n                    <\/a>\n        <\/div>\n        \t\t\t\t<\/div>\n\t\t\t\t<\/div>\n\t\t\t\t<\/div>\n\t\t\t\t\t<\/div>\n\t\t\t\t<\/div>\n\t\t<div class=\"elementor-element elementor-element-ff16b47 e-flex e-con-boxed e-con e-parent\" data-id=\"ff16b47\" data-element_type=\"container\">\n\t\t\t\t\t<div class=\"e-con-inner\">\n\t\t<div class=\"elementor-element elementor-element-aecdee9 e-con-full e-flex e-con e-child\" data-id=\"aecdee9\" data-element_type=\"container\" data-settings=\"{&quot;background_background&quot;:&quot;classic&quot;}\">\n\t\t\t\t<div class=\"elementor-element elementor-element-6758266 elementor-widget__width-initial elementor-widget elementor-widget-text-editor\" data-id=\"6758266\" data-element_type=\"widget\" data-widget_type=\"text-editor.default\">\n\t\t\t\t<div class=\"elementor-widget-container\">\n\t\t\t\t\t\t\t\t\t<p>13u30 &#8211; 15u00<\/p>\n\t\t\t\t\t\t\t\t<\/div>\n\t\t\t\t<\/div>\n\t\t\t\t<\/div>\n\t\t<div class=\"elementor-element elementor-element-c3ff441 e-con-full e-flex e-con e-child\" data-id=\"c3ff441\" data-element_type=\"container\" data-settings=\"{&quot;background_background&quot;:&quot;classic&quot;}\">\n\t\t\t\t<div class=\"elementor-element elementor-element-83c9224 elementor-widget elementor-widget-heading\" data-id=\"83c9224\" data-element_type=\"widget\" data-widget_type=\"heading.default\">\n\t\t\t\t<div class=\"elementor-widget-container\">\n\t\t\t\t\t<h4 class=\"elementor-heading-title elementor-size-default\"> S\u00e9curit\u00e9 fonctionnelle dans l'industrie des proc\u00e9d\u00e9s - Tino Vande Capelle - ACTA<\/h4>\t\t\t\t<\/div>\n\t\t\t\t<\/div>\n\t\t\t\t<div class=\"elementor-element elementor-element-5cf2403 elementor-align-center elementor-widget elementor-widget-dynamic-button\" data-id=\"5cf2403\" data-element_type=\"widget\" data-widget_type=\"dynamic-button.default\">\n\t\t\t\t<div class=\"elementor-widget-container\">\n\t\t\t\t\t        <div class=\"elementor-button-wrapper\">\n            <a href=\"https:\/\/www.mr-expo.be\/masterclass-acta\/\" class=\"elementor-button-link elementor-button elementor-size-sm\" role=\"button\">\n                        <span class=\"elementor-button-content-wrapper\">\n\t\t\t                <span class=\"elementor-button-icon elementor-align-icon-right\">\n\t\t\t\t<i aria-hidden=\"true\" class=\"fas fa-arrow-right\"><\/i>\t\t\t<\/span>\n            \t\t\t<span class=\"elementor-button-text\">Plus d'information<\/span>\n\t\t<\/span>\n                    <\/a>\n        <\/div>\n        \t\t\t\t<\/div>\n\t\t\t\t<\/div>\n\t\t\t\t<\/div>\n\t\t\t\t\t<\/div>\n\t\t\t\t<\/div>\n\t\t<div class=\"elementor-element elementor-element-7799765 e-flex e-con-boxed e-con e-parent\" data-id=\"7799765\" data-element_type=\"container\">\n\t\t\t\t\t<div class=\"e-con-inner\">\n\t\t<div class=\"elementor-element elementor-element-320d742 e-con-full e-flex e-con e-child\" data-id=\"320d742\" data-element_type=\"container\">\n\t\t\t\t<div class=\"elementor-element elementor-element-0bb7303 elementor-align-center elementor-widget elementor-widget-button\" data-id=\"0bb7303\" data-element_type=\"widget\" data-widget_type=\"button.default\">\n\t\t\t\t<div class=\"elementor-widget-container\">\n\t\t\t\t\t\t\t\t\t<div class=\"elementor-button-wrapper\">\n\t\t\t\t\t<a class=\"elementor-button elementor-button-link elementor-size-sm\" href=\"https:\/\/www.mr-expo.be\/fr\/programme-jeudi\/\">\n\t\t\t\t\t\t<span class=\"elementor-button-content-wrapper\">\n\t\t\t\t\t\t\t\t\t<span class=\"elementor-button-text\">Programme jeudi<\/span>\n\t\t\t\t\t<\/span>\n\t\t\t\t\t<\/a>\n\t\t\t\t<\/div>\n\t\t\t\t\t\t\t\t<\/div>\n\t\t\t\t<\/div>\n\t\t\t\t<\/div>\n\t\t<div class=\"elementor-element elementor-element-2b3a7cd e-con-full e-flex e-con e-child\" data-id=\"2b3a7cd\" data-element_type=\"container\">\n\t\t\t\t<div class=\"elementor-element elementor-element-55185be elementor-align-center elementor-widget elementor-widget-button\" data-id=\"55185be\" data-element_type=\"widget\" data-widget_type=\"button.default\">\n\t\t\t\t<div class=\"elementor-widget-container\">\n\t\t\t\t\t\t\t\t\t<div class=\"elementor-button-wrapper\">\n\t\t\t\t\t<a class=\"elementor-button elementor-button-link elementor-size-sm\" href=\"mailto:severine.ehlinger@easyfairs.com\">\n\t\t\t\t\t\t<span class=\"elementor-button-content-wrapper\">\n\t\t\t\t\t\t\t\t\t<span class=\"elementor-button-text\">Int\u00e9ress\u00e9 \u00e0 participer<\/span>\n\t\t\t\t\t<\/span>\n\t\t\t\t\t<\/a>\n\t\t\t\t<\/div>\n\t\t\t\t\t\t\t\t<\/div>\n\t\t\t\t<\/div>\n\t\t\t\t<\/div>\n\t\t\t\t\t<\/div>\n\t\t\t\t<\/div>\n\t\t\t\t<\/div>\n\t\t","protected":false},"excerpt":{"rendered":"<p>Programme : Mercredi 26 mars 09u30 &#8211; 10u30 ATEX dans l&rsquo;automatisation des processus &#8211; ie-net \/ Pepperl+Fuchs, Yon Barbin Plus d&rsquo;information 10u30 &#8211; 11u15 Applicabilit\u00e9 ATEX Ex i, d et p &#8211; ie-net \/ Pepperl+Fuchs, Yon Barbin Plus d&rsquo;information 13u30 &#8211; 15u00 S\u00e9curit\u00e9 fonctionnelle dans l&rsquo;industrie des proc\u00e9d\u00e9s &#8211; Tino Vande Capelle &#8211; ACTA Plus [&hellip;]<\/p>\n","protected":false},"author":1351,"featured_media":0,"parent":0,"menu_order":0,"comment_status":"closed","ping_status":"closed","template":"","meta":{"_seopress_robots_primary_cat":"","_seopress_titles_title":"","_seopress_titles_desc":"","_seopress_robots_index":"","footnotes":""},"class_list":["post-383715","page","type-page","status-publish","hentry"],"_links":{"self":[{"href":"https:\/\/www.mr-expo.be\/fr\/wp-json\/wp\/v2\/pages\/383715","targetHints":{"allow":["GET"]}}],"collection":[{"href":"https:\/\/www.mr-expo.be\/fr\/wp-json\/wp\/v2\/pages"}],"about":[{"href":"https:\/\/www.mr-expo.be\/fr\/wp-json\/wp\/v2\/types\/page"}],"author":[{"embeddable":true,"href":"https:\/\/www.mr-expo.be\/fr\/wp-json\/wp\/v2\/users\/1351"}],"replies":[{"embeddable":true,"href":"https:\/\/www.mr-expo.be\/fr\/wp-json\/wp\/v2\/comments?post=383715"}],"version-history":[{"count":5,"href":"https:\/\/www.mr-expo.be\/fr\/wp-json\/wp\/v2\/pages\/383715\/revisions"}],"predecessor-version":[{"id":393283,"href":"https:\/\/www.mr-expo.be\/fr\/wp-json\/wp\/v2\/pages\/383715\/revisions\/393283"}],"wp:attachment":[{"href":"https:\/\/www.mr-expo.be\/fr\/wp-json\/wp\/v2\/media?parent=383715"}],"curies":[{"name":"wp","href":"https:\/\/api.w.org\/{rel}","templated":true}]}}