{"id":366960,"date":"2025-03-23T20:46:25","date_gmt":"2025-03-23T19:46:25","guid":{"rendered":"https:\/\/www.mr-expo.be\/?page_id=366960"},"modified":"2025-03-23T20:48:45","modified_gmt":"2025-03-23T19:48:45","slug":"zones-de-demonstration","status":"publish","type":"page","link":"https:\/\/www.mr-expo.be\/fr\/zones-de-demonstration\/","title":{"rendered":"zones de d\u00e9monstration"},"content":{"rendered":"\t\t<div data-elementor-type=\"wp-page\" data-elementor-id=\"366960\" class=\"elementor elementor-366960 elementor-366958\" data-elementor-post-type=\"page\">\n\t\t\t\t\t\t<section class=\"elementor-section elementor-top-section elementor-element elementor-element-84542d9 elementor-section-boxed elementor-section-height-default elementor-section-height-default\" data-id=\"84542d9\" data-element_type=\"section\">\n\t\t\t\t\t\t<div class=\"elementor-container elementor-column-gap-default\">\n\t\t\t\t\t<div class=\"elementor-column elementor-col-100 elementor-top-column elementor-element elementor-element-412f685\" data-id=\"412f685\" data-element_type=\"column\">\n\t\t\t<div class=\"elementor-widget-wrap elementor-element-populated\">\n\t\t\t\t\t\t<div class=\"elementor-element elementor-element-bc7fe82 elementor-widget elementor-widget-text-editor\" data-id=\"bc7fe82\" data-element_type=\"widget\" data-widget_type=\"text-editor.default\">\n\t\t\t\t<div class=\"elementor-widget-container\">\n\t\t\t\t\t\t\t\t\t<h1>ZONES D\u00c9MO<\/h1>\n\t\t\t\t\t\t\t\t<\/div>\n\t\t\t\t<\/div>\n\t\t\t\t<div class=\"elementor-element elementor-element-7a5b86c elementor-widget elementor-widget-text-editor\" data-id=\"7a5b86c\" data-element_type=\"widget\" data-widget_type=\"text-editor.default\">\n\t\t\t\t<div class=\"elementor-widget-container\">\n\t\t\t\t\t\t\t\t\t<p style=\"text-align: center;\">De nombreux exposants pr\u00e9sentent de nouvelles technologies.<\/p>\n<p style=\"text-align: center;\">N&rsquo;oubliez pas de visiter nos zones de d\u00e9monstration.<\/p>\n\t\t\t\t\t\t\t\t<\/div>\n\t\t\t\t<\/div>\n\t\t\t\t\t<\/div>\n\t\t<\/div>\n\t\t\t\t\t<\/div>\n\t\t<\/section>\n\t\t\t\t<section class=\"elementor-section elementor-top-section elementor-element elementor-element-613aa58 elementor-section-boxed elementor-section-height-default elementor-section-height-default\" data-id=\"613aa58\" data-element_type=\"section\" data-settings=\"{&quot;background_background&quot;:&quot;classic&quot;}\">\n\t\t\t\t\t\t<div class=\"elementor-container elementor-column-gap-default\">\n\t\t\t\t\t<div class=\"elementor-column elementor-col-100 elementor-top-column elementor-element elementor-element-a29a035\" data-id=\"a29a035\" data-element_type=\"column\">\n\t\t\t<div class=\"elementor-widget-wrap elementor-element-populated\">\n\t\t\t\t\t\t<div class=\"elementor-element elementor-element-9572973 elementor--h-position-center elementor--v-position-middle elementor-arrows-position-inside elementor-pagination-position-inside elementor-widget elementor-widget-slides\" data-id=\"9572973\" data-element_type=\"widget\" data-settings=\"{&quot;navigation&quot;:&quot;both&quot;,&quot;autoplay&quot;:&quot;yes&quot;,&quot;pause_on_hover&quot;:&quot;yes&quot;,&quot;pause_on_interaction&quot;:&quot;yes&quot;,&quot;autoplay_speed&quot;:5000,&quot;infinite&quot;:&quot;yes&quot;,&quot;transition&quot;:&quot;slide&quot;,&quot;transition_speed&quot;:500}\" data-widget_type=\"slides.default\">\n\t\t\t\t<div class=\"elementor-widget-container\">\n\t\t\t\t\t\t\t\t\t<div class=\"elementor-swiper\">\n\t\t\t\t\t<div class=\"elementor-slides-wrapper elementor-main-swiper swiper\" role=\"region\" aria-roledescription=\"carousel\" aria-label=\"Slides\" dir=\"ltr\" data-animation=\"fadeInUp\">\n\t\t\t\t<div class=\"swiper-wrapper elementor-slides\">\n\t\t\t\t\t\t\t\t\t\t<div class=\"elementor-repeater-item-6c239e4 swiper-slide\" role=\"group\" aria-roledescription=\"slide\"><div class=\"swiper-slide-bg\"><\/div><a class=\"swiper-slide-inner\" href=\"https:\/\/www.mr-expo.be\/fr\/?page_id=366924\"><div class=\"swiper-slide-contents\"><div class=\"elementor-slide-heading\">Simulateur de processus<\/div><div class=\"elementor-slide-description\"><p>powered by Acta<\/p>\n<\/div><div  class=\"elementor-button elementor-slide-button elementor-size-sm\">D\u00e9couvrez-le ici<\/div><\/div><\/a><\/div><div class=\"elementor-repeater-item-be5f028 swiper-slide\" role=\"group\" aria-roledescription=\"slide\"><div class=\"swiper-slide-bg\"><\/div><a class=\"swiper-slide-inner\" href=\"https:\/\/www.mr-expo.be\/fr\/?page_id=368508\"><div class=\"swiper-slide-contents\"><div class=\"elementor-slide-heading\">DRONE DEMOZONE<\/div><div class=\"elementor-slide-description\"><p>DRONES BY SKYEBASE<\/p>\n<\/div><div  class=\"elementor-button elementor-slide-button elementor-size-sm\">D\u00e9couvrez-le ici<\/div><\/div><\/a><\/div>\t\t\t\t<\/div>\n\t\t\t\t\t\t\t\t\t\t\t\t\t\t\t<div class=\"elementor-swiper-button elementor-swiper-button-prev\" role=\"button\" tabindex=\"0\" aria-label=\"Previous slide\">\n\t\t\t\t\t\t\t<i aria-hidden=\"true\" class=\"eicon-chevron-left\"><\/i>\t\t\t\t\t\t<\/div>\n\t\t\t\t\t\t<div class=\"elementor-swiper-button elementor-swiper-button-next\" role=\"button\" tabindex=\"0\" aria-label=\"Next slide\">\n\t\t\t\t\t\t\t<i aria-hidden=\"true\" class=\"eicon-chevron-right\"><\/i>\t\t\t\t\t\t<\/div>\n\t\t\t\t\t\t\t\t\t\t\t\t\t\t\t\t<div class=\"swiper-pagination\"><\/div>\n\t\t\t\t\t\t\t\t\t\t\t\t<\/div>\n\t\t\t\t<\/div>\n\t\t\t\t\t\t\t\t<\/div>\n\t\t\t\t<\/div>\n\t\t\t\t<div class=\"elementor-element elementor-element-cadeb11 elementor-widget elementor-widget-spacer\" data-id=\"cadeb11\" data-element_type=\"widget\" data-widget_type=\"spacer.default\">\n\t\t\t\t<div class=\"elementor-widget-container\">\n\t\t\t\t\t\t\t<div class=\"elementor-spacer\">\n\t\t\t<div class=\"elementor-spacer-inner\"><\/div>\n\t\t<\/div>\n\t\t\t\t\t\t<\/div>\n\t\t\t\t<\/div>\n\t\t\t\t\t<\/div>\n\t\t<\/div>\n\t\t\t\t\t<\/div>\n\t\t<\/section>\n\t\t\t\t<\/div>\n\t\t","protected":false},"excerpt":{"rendered":"<p>ZONES D\u00c9MO De nombreux exposants pr\u00e9sentent de nouvelles technologies. N&rsquo;oubliez pas de visiter nos zones de d\u00e9monstration. Simulateur de processus powered by Acta D\u00e9couvrez-le iciDRONE DEMOZONE DRONES BY SKYEBASE D\u00e9couvrez-le ici Previous slide Next slide<\/p>\n","protected":false},"author":177,"featured_media":0,"parent":0,"menu_order":0,"comment_status":"closed","ping_status":"closed","template":"","meta":{"_seopress_robots_primary_cat":"","_seopress_titles_title":"M+R 2023 | AR & VR Demozone | Acta","_seopress_titles_desc":"Acta zal verschillende VR en AR oplossingen tonen waarmee ge\u00ebxperimeneerd kan worden.","_seopress_robots_index":"","footnotes":""},"class_list":["post-366960","page","type-page","status-publish","hentry"],"_links":{"self":[{"href":"https:\/\/www.mr-expo.be\/fr\/wp-json\/wp\/v2\/pages\/366960","targetHints":{"allow":["GET"]}}],"collection":[{"href":"https:\/\/www.mr-expo.be\/fr\/wp-json\/wp\/v2\/pages"}],"about":[{"href":"https:\/\/www.mr-expo.be\/fr\/wp-json\/wp\/v2\/types\/page"}],"author":[{"embeddable":true,"href":"https:\/\/www.mr-expo.be\/fr\/wp-json\/wp\/v2\/users\/177"}],"replies":[{"embeddable":true,"href":"https:\/\/www.mr-expo.be\/fr\/wp-json\/wp\/v2\/comments?post=366960"}],"version-history":[{"count":5,"href":"https:\/\/www.mr-expo.be\/fr\/wp-json\/wp\/v2\/pages\/366960\/revisions"}],"predecessor-version":[{"id":392509,"href":"https:\/\/www.mr-expo.be\/fr\/wp-json\/wp\/v2\/pages\/366960\/revisions\/392509"}],"wp:attachment":[{"href":"https:\/\/www.mr-expo.be\/fr\/wp-json\/wp\/v2\/media?parent=366960"}],"curies":[{"name":"wp","href":"https:\/\/api.w.org\/{rel}","templated":true}]}}