{"id":340,"date":"2020-11-26T13:59:03","date_gmt":"2020-11-26T12:59:03","guid":{"rendered":"https:\/\/www.mr-expo.be\/formules-de-stand\/"},"modified":"2024-12-18T13:06:44","modified_gmt":"2024-12-18T12:06:44","slug":"formules-de-stand","status":"publish","type":"page","link":"https:\/\/www.mr-expo.be\/fr\/formules-de-stand\/","title":{"rendered":"Formules de stand"},"content":{"rendered":"\t\t<div data-elementor-type=\"wp-page\" data-elementor-id=\"340\" class=\"elementor elementor-340 elementor-149\" data-elementor-post-type=\"page\">\n\t\t\t\t\t\t<section class=\"elementor-section elementor-top-section elementor-element elementor-element-613aa58 elementor-section-boxed elementor-section-height-default elementor-section-height-default\" data-id=\"613aa58\" data-element_type=\"section\">\n\t\t\t\t\t\t<div class=\"elementor-container elementor-column-gap-default\">\n\t\t\t\t\t<div class=\"elementor-column elementor-col-100 elementor-top-column elementor-element elementor-element-a29a035\" data-id=\"a29a035\" data-element_type=\"column\">\n\t\t\t<div class=\"elementor-widget-wrap elementor-element-populated\">\n\t\t\t\t\t\t<div class=\"elementor-element elementor-element-bc7fe82 elementor-widget elementor-widget-text-editor\" data-id=\"bc7fe82\" data-element_type=\"widget\" data-widget_type=\"text-editor.default\">\n\t\t\t\t<div class=\"elementor-widget-container\">\n\t\t\t\t\t\t\t\t\t<h1>Formules de stand<\/h1>\t\t\t\t\t\t\t\t<\/div>\n\t\t\t\t<\/div>\n\t\t\t\t\t<\/div>\n\t\t<\/div>\n\t\t\t\t\t<\/div>\n\t\t<\/section>\n\t\t<div class=\"elementor-element elementor-element-1ba6df6 e-flex e-con-boxed e-con e-parent\" data-id=\"1ba6df6\" data-element_type=\"container\" data-settings=\"{&quot;background_background&quot;:&quot;classic&quot;}\">\n\t\t\t\t\t<div class=\"e-con-inner\">\n\t\t<div class=\"elementor-element elementor-element-ea419ed e-con-full e-flex e-con e-child\" data-id=\"ea419ed\" data-element_type=\"container\" data-settings=\"{&quot;background_background&quot;:&quot;classic&quot;}\">\n\t\t<div class=\"elementor-element elementor-element-e8390e3 e-con-full skewed-box e-flex e-con e-child\" data-id=\"e8390e3\" data-element_type=\"container\" data-settings=\"{&quot;background_background&quot;:&quot;classic&quot;}\">\n\t\t\t\t<div class=\"elementor-element elementor-element-34589e6 elementor-widget elementor-widget-heading\" data-id=\"34589e6\" data-element_type=\"widget\" data-widget_type=\"heading.default\">\n\t\t\t\t<div class=\"elementor-widget-container\">\n\t\t\t\t\t<h2 class=\"elementor-heading-title elementor-size-default\">All-in stand<\/h2>\t\t\t\t<\/div>\n\t\t\t\t<\/div>\n\t\t\t\t<div class=\"elementor-element elementor-element-2e0a4de elementor-widget elementor-widget-image\" data-id=\"2e0a4de\" data-element_type=\"widget\" data-widget_type=\"image.default\">\n\t\t\t\t<div class=\"elementor-widget-container\">\n\t\t\t\t\t\t\t\t\t\t\t\t\t\t\t<img decoding=\"async\" src=\"https:\/\/easyfairsassets.com\/sites\/256\/elementor\/thumbs\/All-In-1-qyoken9ldfd6u4etbh35vy7bfyhdgukrz8tlv6n4y8.png\" title=\"All-In.png\" alt=\"All-In.png\" loading=\"lazy\" \/>\t\t\t\t\t\t\t\t\t\t\t\t\t\t\t<\/div>\n\t\t\t\t<\/div>\n\t\t\t\t<div class=\"elementor-element elementor-element-de6d818 elementor-widget elementor-widget-text-editor\" data-id=\"de6d818\" data-element_type=\"widget\" data-widget_type=\"text-editor.default\">\n\t\t\t\t<div class=\"elementor-widget-container\">\n\t\t\t\t\t\t\t\t\t<p>Ce stand tout-en-un est un stand fonctionnel pour pr\u00e9senter votre mat\u00e9riel et mener des affaires professionnelles. Votre premier objectif est de nouer des <strong>contacts<\/strong> et de recueillir des <strong>leads<\/strong>.<\/p>\t\t\t\t\t\t\t\t<\/div>\n\t\t\t\t<\/div>\n\t\t\t\t<\/div>\n\t\t\t\t<\/div>\n\t\t<div class=\"elementor-element elementor-element-93e6b2c e-con-full e-flex e-con e-child\" data-id=\"93e6b2c\" data-element_type=\"container\">\n\t\t<div class=\"elementor-element elementor-element-b1f2b1f e-con-full skewed-box e-flex e-con e-child\" data-id=\"b1f2b1f\" data-element_type=\"container\" data-settings=\"{&quot;background_background&quot;:&quot;classic&quot;}\">\n\t\t\t\t<div class=\"elementor-element elementor-element-7d4ee0b elementor-widget elementor-widget-heading\" data-id=\"7d4ee0b\" data-element_type=\"widget\" data-widget_type=\"heading.default\">\n\t\t\t\t<div class=\"elementor-widget-container\">\n\t\t\t\t\t<h2 class=\"elementor-heading-title elementor-size-default\">All-in Plus Truss<\/h2>\t\t\t\t<\/div>\n\t\t\t\t<\/div>\n\t\t\t\t<div class=\"elementor-element elementor-element-dde43c2 elementor-widget elementor-widget-image\" data-id=\"dde43c2\" data-element_type=\"widget\" data-widget_type=\"image.default\">\n\t\t\t\t<div class=\"elementor-widget-container\">\n\t\t\t\t\t\t\t\t\t\t\t\t\t\t\t<img decoding=\"async\" src=\"https:\/\/easyfairsassets.com\/sites\/256\/elementor\/thumbs\/All-in-plus-1-qyoken9ldfd6u4etbh35vy7bfyhdgukrz8tlv6n4y8.png\" title=\"All-in-plus.png\" alt=\"All-in-plus.png\" loading=\"lazy\" \/>\t\t\t\t\t\t\t\t\t\t\t\t\t\t\t<\/div>\n\t\t\t\t<\/div>\n\t\t\t\t<div class=\"elementor-element elementor-element-1b8b4d7 elementor-widget elementor-widget-text-editor\" data-id=\"1b8b4d7\" data-element_type=\"widget\" data-widget_type=\"text-editor.default\">\n\t\t\t\t<div class=\"elementor-widget-container\">\n\t\t\t\t\t\t\t\t\t<p style=\"text-align: center;\"><span style=\"background-color: var( --e-global-color-secondary ); text-align: var(--text-align);\">Vous souhaitez avoir une pr\u00e9sence importante gr\u00e2ce au stand All-in Plus Truss. Outre la collecte de prospects et l&rsquo;\u00e9tablissement de nouveaux contacts, vous souhaitez recevoir vos relations de mani\u00e8re appropri\u00e9e, dans un cadre plus spacieux qui refl\u00e8te l&rsquo;identit\u00e9 de votre entreprise.<\/span><\/p>\t\t\t\t\t\t\t\t<\/div>\n\t\t\t\t<\/div>\n\t\t\t\t<\/div>\n\t\t\t\t<\/div>\n\t\t<div class=\"elementor-element elementor-element-c62a680 e-con-full e-flex e-con e-child\" data-id=\"c62a680\" data-element_type=\"container\">\n\t\t<div class=\"elementor-element elementor-element-9c2bd88 e-con-full skewed-box e-flex e-con e-child\" data-id=\"9c2bd88\" data-element_type=\"container\" data-settings=\"{&quot;background_background&quot;:&quot;classic&quot;}\">\n\t\t\t\t<div class=\"elementor-element elementor-element-339326d elementor-widget elementor-widget-heading\" data-id=\"339326d\" data-element_type=\"widget\" data-widget_type=\"heading.default\">\n\t\t\t\t<div class=\"elementor-widget-container\">\n\t\t\t\t\t<h2 class=\"elementor-heading-title elementor-size-default\">All-in Plus Matrix<\/h2>\t\t\t\t<\/div>\n\t\t\t\t<\/div>\n\t\t\t\t<div class=\"elementor-element elementor-element-2307051 elementor-widget elementor-widget-image\" data-id=\"2307051\" data-element_type=\"widget\" data-widget_type=\"image.default\">\n\t\t\t\t<div class=\"elementor-widget-container\">\n\t\t\t\t\t\t\t\t\t\t\t\t\t\t\t<img decoding=\"async\" src=\"https:\/\/easyfairsassets.com\/sites\/256\/elementor\/thumbs\/12-Matrix-wit-4x6-2-All-In-Plus-1-qyokep59r3frhcc30hwf0xq8mq83w8s8ni4ktqkcls.jpg\" title=\"12-Matrix-wit-4&#215;6-2-All-In-Plus.jpg\" alt=\"12-Matrix-wit-4x6-2-All-In-Plus.jpg\" loading=\"lazy\" \/>\t\t\t\t\t\t\t\t\t\t\t\t\t\t\t<\/div>\n\t\t\t\t<\/div>\n\t\t\t\t<div class=\"elementor-element elementor-element-63c17ee elementor-widget elementor-widget-text-editor\" data-id=\"63c17ee\" data-element_type=\"widget\" data-widget_type=\"text-editor.default\">\n\t\t\t\t<div class=\"elementor-widget-container\">\n\t\t\t\t\t\t\t\t\t<p style=\"text-align: center;\">Vous souhaitez avoir une pr\u00e9sence importante gr\u00e2ce au stand All-in Plus Truss. Outre la collecte de prospects et l&rsquo;\u00e9tablissement de nouveaux contacts, vous souhaitez recevoir vos relations de mani\u00e8re appropri\u00e9e, dans un cadre plus spacieux qui refl\u00e8te l&rsquo;identit\u00e9 de votre entreprise.<\/p>\t\t\t\t\t\t\t\t<\/div>\n\t\t\t\t<\/div>\n\t\t\t\t<\/div>\n\t\t\t\t<\/div>\n\t\t<div class=\"elementor-element elementor-element-1648eca e-con-full e-flex e-con e-child\" data-id=\"1648eca\" data-element_type=\"container\">\n\t\t<div class=\"elementor-element elementor-element-878f35e e-con-full skewed-box e-flex e-con e-child\" data-id=\"878f35e\" data-element_type=\"container\" data-settings=\"{&quot;background_background&quot;:&quot;classic&quot;}\">\n\t\t\t\t<div class=\"elementor-element elementor-element-4e85bfb elementor-widget elementor-widget-heading\" data-id=\"4e85bfb\" data-element_type=\"widget\" data-widget_type=\"heading.default\">\n\t\t\t\t<div class=\"elementor-widget-container\">\n\t\t\t\t\t<h2 class=\"elementor-heading-title elementor-size-default\">Space Only<\/h2>\t\t\t\t<\/div>\n\t\t\t\t<\/div>\n\t\t\t\t<div class=\"elementor-element elementor-element-7281197 elementor-widget elementor-widget-image\" data-id=\"7281197\" data-element_type=\"widget\" data-widget_type=\"image.default\">\n\t\t\t\t<div class=\"elementor-widget-container\">\n\t\t\t\t\t\t\t\t\t\t\t\t\t\t\t<img decoding=\"async\" src=\"https:\/\/easyfairsassets.com\/sites\/256\/elementor\/thumbs\/Space-Only-1-qyokep59r3frhcc30hwf0xq8mq83w8s8ni4ktqkcls.png\" title=\"Space-Only.png\" alt=\"Space-Only.png\" loading=\"lazy\" \/>\t\t\t\t\t\t\t\t\t\t\t\t\t\t\t<\/div>\n\t\t\t\t<\/div>\n\t\t\t\t<div class=\"elementor-element elementor-element-ea4a37a elementor-widget elementor-widget-text-editor\" data-id=\"ea4a37a\" data-element_type=\"widget\" data-widget_type=\"text-editor.default\">\n\t\t\t\t<div class=\"elementor-widget-container\">\n\t\t\t\t\t\t\t\t\t<p style=\"text-align: center;\"><span style=\"background-color: var( --e-global-color-secondary ); text-align: var(--text-align);\">Espace nu pour la construction de votre propre stand !<\/span><\/p><p style=\"text-align: center;\">\u00a0<\/p>\t\t\t\t\t\t\t\t<\/div>\n\t\t\t\t<\/div>\n\t\t\t\t<\/div>\n\t\t\t\t<\/div>\n\t\t\t\t\t<\/div>\n\t\t\t\t<\/div>\n\t\t\t\t<section class=\"elementor-section elementor-top-section elementor-element elementor-element-601329e elementor-section-boxed elementor-section-height-default elementor-section-height-default\" data-id=\"601329e\" data-element_type=\"section\">\n\t\t\t\t\t\t<div class=\"elementor-container elementor-column-gap-default\">\n\t\t\t\t\t<div class=\"elementor-column elementor-col-100 elementor-top-column elementor-element elementor-element-50c9965\" data-id=\"50c9965\" data-element_type=\"column\">\n\t\t\t<div class=\"elementor-widget-wrap elementor-element-populated\">\n\t\t\t\t\t\t<div class=\"elementor-element elementor-element-9f4cef5 elementor-widget elementor-widget-text-editor\" data-id=\"9f4cef5\" data-element_type=\"widget\" data-widget_type=\"text-editor.default\">\n\t\t\t\t<div class=\"elementor-widget-container\">\n\t\t\t\t\t\t\t\t\t<h1>EasyGo = Easyfairs<\/h1>\t\t\t\t\t\t\t\t<\/div>\n\t\t\t\t<\/div>\n\t\t\t\t<div class=\"elementor-element elementor-element-bfe3a0e elementor-widget elementor-widget-text-editor\" data-id=\"bfe3a0e\" data-element_type=\"widget\" data-widget_type=\"text-editor.default\">\n\t\t\t\t<div class=\"elementor-widget-container\">\n\t\t\t\t\t\t\t\t\t<p><strong>EasyGo<\/strong> remplace Online 365 et offre de nouvelles fonctionnalit\u00e9s bas\u00e9es sur les <strong>derniers d\u00e9veloppements<\/strong> en mati\u00e8re de technologie <strong>de marketing num\u00e9rique<\/strong>.<\/p><p>Il fait partie de l&rsquo;offre standard d&rsquo;Easyfairs, mais nous vous laissons le choix, en fonction de vos objectifs : une <strong>meilleure visibilit\u00e9<\/strong> ou <strong>plus de prospects<\/strong>. Ou peut-\u00eatre voulez-vous les deux ? Dans ce cas, nous vous recommandons de passer \u00e0 <strong>GoPlus<\/strong> afin d&rsquo;am\u00e9liorer votre <strong>visibilit\u00e9<\/strong> et de collecter <strong>plus de leads<\/strong>, ainsi que d&rsquo;afficher votre logo de <strong>mani\u00e8re<\/strong> <strong>pro\u00e9minente<\/strong> pendant l&rsquo;\u00e9v\u00e9nement<\/p>\t\t\t\t\t\t\t\t<\/div>\n\t\t\t\t<\/div>\n\t\t\t\t<div class=\"elementor-element elementor-element-ea7705d elementor-mobile-align-center elementor-align-center elementor-hidden-desktop elementor-hidden-tablet elementor-hidden-mobile elementor-widget elementor-widget-button\" data-id=\"ea7705d\" data-element_type=\"widget\" data-widget_type=\"button.default\">\n\t\t\t\t<div class=\"elementor-widget-container\">\n\t\t\t\t\t\t\t\t\t<div class=\"elementor-button-wrapper\">\n\t\t\t\t\t<a class=\"elementor-button elementor-button-link elementor-size-sm\" href=\"https:\/\/www.mr-expo.be\/formules-easygo\/?lang=fr\">\n\t\t\t\t\t\t<span class=\"elementor-button-content-wrapper\">\n\t\t\t\t\t\t<span class=\"elementor-button-icon\">\n\t\t\t\t<i aria-hidden=\"true\" class=\"fas fa-long-arrow-alt-right\"><\/i>\t\t\t<\/span>\n\t\t\t\t\t\t\t\t\t<span class=\"elementor-button-text\">Formules EasyGo<\/span>\n\t\t\t\t\t<\/span>\n\t\t\t\t\t<\/a>\n\t\t\t\t<\/div>\n\t\t\t\t\t\t\t\t<\/div>\n\t\t\t\t<\/div>\n\t\t\t\t\t<\/div>\n\t\t<\/div>\n\t\t\t\t\t<\/div>\n\t\t<\/section>\n\t\t\t\t<\/div>\n\t\t","protected":false},"excerpt":{"rendered":"<p>Formules de stand All-in stand Ce stand tout-en-un est un stand fonctionnel pour pr\u00e9senter votre mat\u00e9riel et mener des affaires professionnelles. Votre premier objectif est de nouer des contacts et de recueillir des leads. All-in Plus Truss Vous souhaitez avoir une pr\u00e9sence importante gr\u00e2ce au stand All-in Plus Truss. Outre la collecte de prospects et [&hellip;]<\/p>\n","protected":false},"author":933,"featured_media":0,"parent":0,"menu_order":0,"comment_status":"closed","ping_status":"closed","template":"","meta":{"_seopress_robots_primary_cat":"","_seopress_titles_title":"Formules de stand - M+R Expo","_seopress_titles_desc":"Atteindre vos clients et prospects dans le domaine de l'instrumentation de processus n'a jamais \u00e9t\u00e9 aussi facile.","_seopress_robots_index":"","footnotes":""},"class_list":["post-340","page","type-page","status-publish","hentry"],"_links":{"self":[{"href":"https:\/\/www.mr-expo.be\/fr\/wp-json\/wp\/v2\/pages\/340","targetHints":{"allow":["GET"]}}],"collection":[{"href":"https:\/\/www.mr-expo.be\/fr\/wp-json\/wp\/v2\/pages"}],"about":[{"href":"https:\/\/www.mr-expo.be\/fr\/wp-json\/wp\/v2\/types\/page"}],"author":[{"embeddable":true,"href":"https:\/\/www.mr-expo.be\/fr\/wp-json\/wp\/v2\/users\/933"}],"replies":[{"embeddable":true,"href":"https:\/\/www.mr-expo.be\/fr\/wp-json\/wp\/v2\/comments?post=340"}],"version-history":[{"count":5,"href":"https:\/\/www.mr-expo.be\/fr\/wp-json\/wp\/v2\/pages\/340\/revisions"}],"predecessor-version":[{"id":378079,"href":"https:\/\/www.mr-expo.be\/fr\/wp-json\/wp\/v2\/pages\/340\/revisions\/378079"}],"wp:attachment":[{"href":"https:\/\/www.mr-expo.be\/fr\/wp-json\/wp\/v2\/media?parent=340"}],"curies":[{"name":"wp","href":"https:\/\/api.w.org\/{rel}","templated":true}]}}